{"id":8,"date":"2014-01-31T08:43:48","date_gmt":"2014-01-31T06:43:48","guid":{"rendered":"http:\/\/www.ronermusic.de\/wordpress7\/?page_id=8"},"modified":"2021-11-10T10:44:08","modified_gmt":"2021-11-10T09:44:08","slug":"betriebe","status":"publish","type":"page","link":"https:\/\/www.ronermusic.de\/wordpress7\/betriebe\/","title":{"rendered":"Betriebe"},"content":{"rendered":"<h3>Versorgung \/ Dienstleistungen<\/h3>\n<ul>\n<li>Hofladen R\u00f6ll (Schwarzenbergstra\u00dfe 24)<\/li>\n<li><a href=\"http:\/\/www.hofladen-nagler.de\" target=\"_blank\" rel=\"noopener noreferrer\">Hofladen Nagler<\/a> (Schwarzenbergstr. 38)<\/li>\n<li><a href=\"http:\/\/www.schnittich.de\" target=\"_blank\" rel=\"noopener noreferrer\">SchnittIch &#8211; Individuelle Mode<\/a> (Schwarzenbergstr. 28)<\/li>\n<li><a href=\"http:\/\/www.franken-safran.de\"> Franken Safran vom Str\u00f6hlershof<\/a> (An der Schlossmauer 27)<\/li>\n<li>Imkerin Marlies Obermeier (Zum M\u00fchlberg 7)<\/li>\n<\/ul>\n<h3>Gastronomie \/ Beherbergung<\/h3>\n<ul>\n<li><a href=\"https:\/\/www.google.de\/maps\/place\/Schwarzer+Adler\/@49.7053283,10.0804544,17z\/data=!4m5!3m4!1s0x47a287aae0ee763b:0xa5986615e02c1a66!8m2!3d49.705248!4d10.0806963?hl=de\" target=\"_blank\" rel=\"noopener noreferrer\">Gasthof Schwarzer Adler<\/a> (Schwarzenbergstr. 19)<\/li>\n<li><a href=\"http:\/\/www.heuhotel.franken-regio.de\/\" target=\"_blank\" rel=\"noopener noreferrer\">Heuhotel Schmidt<\/a> (Schwarzenbergstr. 18)<\/li>\n<li><a href=\"http:\/\/www.pension-ochsenfurt.de\/\" target=\"_blank\" rel=\"noopener noreferrer\">Pension Goldener Stern<\/a> (An der Schlo\u00dfmauer 24)<\/li>\n<li><a href=\"http:\/\/www.juttas-stueble.fwo.de\/\" target=\"_blank\" rel=\"noopener noreferrer\">Pension Jutta\u2019s St\u00fcble<\/a> (Zum M\u00fchlberg 6)<\/li>\n<li><a href=\"http:\/\/fewo-wasserschloss.de\/\">Ferienwohnung am Wasserschloss<\/a> (Schwarzenbergstra\u00dfe 34)<\/li>\n<\/ul>\n<h3>Gewerbe \/ Handwerk<\/h3>\n<ul>\n<li><a href=\"http:\/\/www.antiquariat-exlibris.de\/\" target=\"_blank\" rel=\"noopener noreferrer\">Antiquariat Ex Libris<\/a> (Schustergasse 13)<\/li>\n<li><a href=\"http:\/\/www.schramm-baumschule.de\" target=\"_blank\" rel=\"noopener noreferrer\">Baumschule Schramm<\/a> (Schwarzenbergstr. 28)<\/li>\n<li><a href=\"http:\/\/www.kochbau-erlach.de\" target=\"_blank\" rel=\"noopener noreferrer\">Bauunternehmen Koch<\/a> (Sommerh\u00e4user Str. 12)<\/li>\n<li><a href=\"http:\/\/handwerkerservice-distler.de\/\" target=\"_blank\" rel=\"noopener noreferrer\">Handwerkerservice Distler<\/a> (Zum M\u00fchlberg 11)<\/li>\n<li><a href=\"http:\/\/www.ronermusic.de\" target=\"_blank\" rel=\"noopener noreferrer\">Tonstudio Ronermusic<\/a> (Sommerh\u00e4user Str. 8a)<\/li>\n<li><a href=\"http:\/\/www.ronerdrohne.de\">RONERDROHNE<\/a> ( Sommerh\u00e4user Str. 8a )<\/li>\n<li>KFZ-Sachverst\u00e4ndigen-B\u00fcro (Zum M\u00fchlberg 2)<\/li>\n<\/ul>\n\n\t\t\t\t<div class=\"flex-container\">\n\t\t\t\t\t<div class=\"flexslider\" id=\"slider-675520\">\n\t\t\t\t\t\t<ul class=\"slides\"><p><span style=\"display: inline !important; float: none; background-color: #ffffff; color: #191e23; cursor: text; font-family: 'Noto Serif'; font-size: 16px; font-style: normal; font-variant: normal; font-weight: 400; letter-spacing: normal; orphans: 2; text-align: left; text-decoration: none; text-indent: 0px; text-transform: none; -webkit-text-stroke-width: 0px; white-space: normal; word-spacing: 0px;\"><li class=\"stretch\" data-sliderminheight=\"500px\" data-flexfirstslide=\"true\"><div class=\"slide_data\"><img decoding=\"async\" loading=\"lazy\" src=\"https:\/\/www.ronermusic.de\/wordpress7\/wp-content\/uploads\/2020\/01\/marliesOber2-1000x500.jpg\" alt=\"\" title=\"\" \/>\n <div class=\"flex-caption left\"><div class=\"caption-holder\"><div class=\"caption-one\" >Honig<\/div>\n  <div class=\"caption-text\" >von Marlies Obermeier<\/div>\n<\/div><\/div>\n<\/div><\/li>\n<\/span><\/p>\n<li class=\"stretch\"  ><div class=\"slide_data\"><a href=\"http:\/\/www.ronermusic.de\/\"><img decoding=\"async\" loading=\"lazy\" src=\"https:\/\/www.ronermusic.de\/wordpress5\/wp-content\/uploads\/2014\/01\/Roivorne1.jpg\" alt=\"\" title=\"\" \/><\/a>\n <div class=\"flex-caption left\"><div class=\"caption-holder\"><div class=\"caption-one\" ><a href=\"http:\/\/www.ronermusic.de\/\" title=\"RONERmusic\">RONERmusic<\/a><\/div>\n  <div class=\"caption-text\" >RONERpictures<\/div>\n<\/div><\/div>\n<\/div><\/li>\n\n<li class=\"stretch\"  ><div class=\"slide_data\"><a href=\"http:\/\/www.schramm-baumschule.de\"><img decoding=\"async\" loading=\"lazy\" src=\"https:\/\/www.ronermusic.de\/wordpress7\/wp-content\/uploads\/2014\/01\/baumschule-logo.jpg\" alt=\"\" title=\"\" \/><\/a>\n <div class=\"flex-caption left\"><div class=\"caption-holder\"><div class=\"caption-one\" ><a href=\"http:\/\/www.schramm-baumschule.de\" title=\"Baumschule\">Baumschule<\/a><\/div>\n  <div class=\"caption-text\" >Schramm<\/div>\n<\/div><\/div>\n<\/div><\/li>\n\n<li class=\"stretch\"  ><div class=\"slide_data\"><a href=\"http:\/\/www.kochbau-erlach.de\/\"><img decoding=\"async\" loading=\"lazy\" src=\"https:\/\/www.ronermusic.de\/wordpress7\/wp-content\/uploads\/2014\/05\/koch.jpg\" alt=\"\" title=\"\" \/><\/a>\n <div class=\"flex-caption left\"><div class=\"caption-holder\"><div class=\"caption-one\" ><a href=\"http:\/\/www.kochbau-erlach.de\/\" title=\"Bauunternehmung\">Bauunternehmung<\/a><\/div>\n  <div class=\"caption-text\" >Koch<\/div>\n<\/div><\/div>\n<\/div><\/li>\n\n<p><span style=\"display: inline !important; float: none; background-color: #ffffff; color: #191e23; cursor: text; font-family: 'Noto Serif'; font-size: 16px; font-style: normal; font-variant: normal; font-weight: 400; letter-spacing: normal; orphans: 2; text-align: left; text-decoration: none; text-indent: 0px; text-transform: none; -webkit-text-stroke-width: 0px; white-space: normal; word-spacing: 0px;\"><li class=\"stretch\"  ><div class=\"slide_data\"><a href=\"http:\/\/www.schnittich.de\"><img decoding=\"async\" loading=\"lazy\" src=\"https:\/\/www.ronermusic.de\/wordpress5\/wp-content\/uploads\/2014\/01\/SchnittIch.jpg\" alt=\"\" title=\"\" \/><\/a>\n <div class=\"flex-caption left\"><div class=\"caption-holder\"><div class=\"caption-one\" ><a href=\"http:\/\/www.schnittich.de\" title=\"Individuelle Mode - \u00c4nderungsschneiderei\">Individuelle Mode - \u00c4nderungsschneiderei<\/a><\/div>\n  <div class=\"caption-text\" >SchnittIch<\/div>\n<\/div><\/div>\n<\/div><\/li>\n<\/span><\/p>\n<li class=\"stretch\"  ><div class=\"slide_data\"><a href=\"https:\/\/www.hofladen-nagler.de\/\"><img decoding=\"async\" loading=\"lazy\" src=\"https:\/\/www.ronermusic.de\/wordpress7\/wp-content\/uploads\/2016\/02\/nagler3.jpg\" alt=\"\" title=\"\" \/><\/a>\n <div class=\"flex-caption left\"><div class=\"caption-holder\"><div class=\"caption-one\" ><a href=\"https:\/\/www.hofladen-nagler.de\/\" title=\"Hofladen\">Hofladen<\/a><\/div>\n  <div class=\"caption-text\" >Nagler<\/div>\n<\/div><\/div>\n<\/div><\/li>\n\n<p><span style=\"display: inline !important; float: none; background-color: #ffffff; color: #191e23; cursor: text; font-family: 'Noto Serif'; font-size: 16px; font-style: normal; font-variant: normal; font-weight: 400; letter-spacing: normal; orphans: 2; text-align: left; text-decoration: none; text-indent: 0px; text-transform: none; -webkit-text-stroke-width: 0px; white-space: normal; word-spacing: 0px;\"><li class=\"stretch\"  ><div class=\"slide_data\"><a href=\"http:\/\/www.franken-safran.de\/\"><img decoding=\"async\" loading=\"lazy\" src=\"https:\/\/www.ronermusic.de\/wordpress7\/wp-content\/uploads\/2019\/10\/LOGO-SAfran2-930x500.jpg\" alt=\"\" title=\"\" \/><\/a>\n <div class=\"flex-caption left\"><div class=\"caption-holder\"><div class=\"caption-one\" ><a href=\"http:\/\/www.franken-safran.de\/\" title=\"Franken Safran\">Franken Safran<\/a><\/div>\n  <div class=\"caption-text\" >vom Str\u00f6hlershof<\/div>\n<\/div><\/div>\n<\/div><\/li>\n<\/span><\/p><\/ul>\t\t\t\t\t\t\n\t\t\t\t\t<\/div>\n\t\t\t\t\t<div class=\"flex-nav-container\"><\/div>\n\t\t\t\t<\/div> \n\t\t\t\n\t\t\t\t<script type=\"text\/javascript\">\n\t\t\t\t \/* <![CDATA[ *\/ \n\t\t\t\t\t\/\/ Flex Slider and Helper Functions\n\t\t\t\t\tjQuery(window).load(function() {\n\t\t\t\t\t\tjQuery(\"#slider-675520\").flexslider({\n\t\t\t\t\t\t\tanimation: \"slide\",\n\t\t\t\t\t\t\tcontrolsContainer: \"#slider-675520 .flex-nav-container\",\n\t\t\t\t\t\t\tslideshow: true, \n\t\t\t\t\t\t\tslideshowSpeed:7*1000,\n\t\t\t\t\t\t\tsmoothHeight: true,\n\t\t\t\t\t\t\tdirectionNav: true,\n\t\t\t\t\t\t\tcontrolNav:false, \n\t\t\t\t\t\t\tprevText: \"<span class=\\\"icon-left-open\\\"><\/span>\", \n\t\t\t\t\t\t\tnextText: \"<span class=\\\"icon-right-open\\\"><\/span>\",\n\t\t\t\t\t\t\tstart: function( slider ) {\n        \t\t\t\t\t\tslider.parents(\".flex-container:eq(0)\").removeAttr(\"style\");\n        \t\t\t\t\t\tjQuery.waypoints('refresh');\n      \t\t\t\t\t\t},\n      \t\t\t\t\t\tafter: function(){\n      \t\t\t\t\t\t\tjQuery.waypoints('refresh');\n      \t\t\t\t\t\t},  \n\t\t\t\t\t\t});\n\t\t\t\t\t});  \n\t\t\t\t\/* ]]> *\/\t\n\t\t\t\t<\/script>\n\t\t\t\n","protected":false},"excerpt":{"rendered":"<p>Versorgung \/ Dienstleistungen Hofladen R\u00f6ll (Schwarzenbergstra\u00dfe 24) Hofladen Nagler (Schwarzenbergstr. 38) SchnittIch &#8211; Individuelle Mode (Schwarzenbergstr. 28) Franken Safran vom Str\u00f6hlershof (An der Schlossmauer 27) Imkerin Marlies Obermeier (Zum M\u00fchlberg 7) Gastronomie \/ Beherbergung Gasthof Schwarzer Adler (Schwarzenbergstr. 19) Heuhotel Schmidt (Schwarzenbergstr. 18) Pension Goldener Stern (An der Schlo\u00dfmauer 24) Pension Jutta\u2019s St\u00fcble (Zum M\u00fchlberg [&hellip;]<\/p>\n","protected":false},"author":1,"featured_media":0,"parent":0,"menu_order":0,"comment_status":"closed","ping_status":"closed","template":"","meta":{"footnotes":""},"_links":{"self":[{"href":"https:\/\/www.ronermusic.de\/wordpress7\/wp-json\/wp\/v2\/pages\/8"}],"collection":[{"href":"https:\/\/www.ronermusic.de\/wordpress7\/wp-json\/wp\/v2\/pages"}],"about":[{"href":"https:\/\/www.ronermusic.de\/wordpress7\/wp-json\/wp\/v2\/types\/page"}],"author":[{"embeddable":true,"href":"https:\/\/www.ronermusic.de\/wordpress7\/wp-json\/wp\/v2\/users\/1"}],"replies":[{"embeddable":true,"href":"https:\/\/www.ronermusic.de\/wordpress7\/wp-json\/wp\/v2\/comments?post=8"}],"version-history":[{"count":42,"href":"https:\/\/www.ronermusic.de\/wordpress7\/wp-json\/wp\/v2\/pages\/8\/revisions"}],"predecessor-version":[{"id":1719,"href":"https:\/\/www.ronermusic.de\/wordpress7\/wp-json\/wp\/v2\/pages\/8\/revisions\/1719"}],"wp:attachment":[{"href":"https:\/\/www.ronermusic.de\/wordpress7\/wp-json\/wp\/v2\/media?parent=8"}],"curies":[{"name":"wp","href":"https:\/\/api.w.org\/{rel}","templated":true}]}}