{"id":70,"date":"2014-01-31T20:43:31","date_gmt":"2014-01-31T18:43:31","guid":{"rendered":"http:\/\/www.ronermusic.de\/wordpress7\/?page_id=70"},"modified":"2019-04-17T20:49:57","modified_gmt":"2019-04-17T18:49:57","slug":"musikverein","status":"publish","type":"page","link":"https:\/\/www.ronermusic.de\/wordpress7\/musikverein\/","title":{"rendered":"Schlo\u00dfkapelle Erlach"},"content":{"rendered":"<a id=\"\" href=\"http:\/\/www.schlosskapelle-erlach.de\" target=\"_self\" title=\"Homepage der Schlosskapelle Erlach\" class=\"button_ default small  margin-t0  align\" data-rt-animate=\"animate\" data-rt-animation-type=\"bounceIn\" data-rt-animation-group=\"single\" >Homepage der Schlosskapelle Erlach<\/a>\n<p>Seit dem Jahre 1955 benennen sich die Erlacher Musikanten nach dem wuchtigen Wasserschloss, das den Mittelpunkt unseres romantischen, urfr\u00e4nkischen Ortes bildet.<a href=\"http:\/\/www.ronermusic.de\/wordpress7\/wp-content\/uploads\/2014\/02\/bannerske1.jpg\"><img loading=\"lazy\" decoding=\"async\" class=\"size-medium wp-image-166 alignright\" src=\"http:\/\/www.ronermusic.de\/wordpress7\/wp-content\/uploads\/2014\/02\/bannerske1-300x107.jpg\" alt=\"\" width=\"300\" height=\"107\" srcset=\"https:\/\/www.ronermusic.de\/wordpress7\/wp-content\/uploads\/2014\/02\/bannerske1-300x107.jpg 300w, https:\/\/www.ronermusic.de\/wordpress7\/wp-content\/uploads\/2014\/02\/bannerske1.jpg 467w\" sizes=\"(max-width: 300px) 100vw, 300px\" \/><\/a><\/p>\n<p><strong>Schlo\u00dfkapelle Erlach&#8230; <\/strong><\/p>\n<p><strong>&#8230;Frech,<\/strong> weil brav einfach zu langweilig ist. Stimmungshits und Lieder zum Mitfeiern und Tanzen, in Kombination mit Showeinlagen und frechen Spr\u00fcchen auf der B\u00fchne zaubern nicht nur dem Publikum ein L\u00e4cheln auf die Lippen.<\/p>\n<p><strong>&#8230;Fr\u00e4nkisch,<\/strong> weil unser Ursprung die traditionelle B<a href=\"http:\/\/www.ronermusic.de\/wordpress7\/wp-content\/uploads\/2014\/02\/ske2.jpg\"><img loading=\"lazy\" decoding=\"async\" class=\"size-medium wp-image-158 alignright\" src=\"http:\/\/www.ronermusic.de\/wordpress7\/wp-content\/uploads\/2014\/02\/ske2-300x225.jpg\" alt=\"\" width=\"300\" height=\"225\" srcset=\"https:\/\/www.ronermusic.de\/wordpress7\/wp-content\/uploads\/2014\/02\/ske2-300x225.jpg 300w, https:\/\/www.ronermusic.de\/wordpress7\/wp-content\/uploads\/2014\/02\/ske2.jpg 600w\" sizes=\"(max-width: 300px) 100vw, 300px\" \/><\/a>lasmusik ist. So hat unser Programm nicht nur die Fetenhits der neuen Generation, sondern auch Klassiker f\u00fcr die Junggebliebenen, die zum Schunkeln und mitsingen einl\u00e4dt.<\/p>\n<p><strong>&#8230;Sympathisch,<\/strong> weil wir authentische und ehrliche Musik machen. Unsere Mischung von Blasinstrumenten und elektronischer Abteilung schafft die M\u00f6glichkeiten Lieder von Brian Adams bis zum Zillertaler Hochzeitsmarsch zum Besten geben zu k\u00f6nnen &#8211; echt, authentisch und eben sympathisch.<\/p>\n<p>Vom Zelt bis zum Altstadtweinfest, vom Sch\u00fctzenfest bis zum Geburtstagsst\u00e4ndchen, bei jedem Wetter &amp; zu jeder Tageszeit.<\/p>\n<h3>Schlosskapelle-Erlach e.V.<\/h3>\n<address>Thomas St\u00f6cklein<\/address>\n<address>Am Hirtentor 1<\/address>\n<address>97199 Ochsenfurt\/Erlach<\/address>\n<address>Telefon 09331-7422<\/address>\n<address>erlach.musik@googlemail.de<\/address>\n<hr \/>\n\n","protected":false},"excerpt":{"rendered":"<p>Seit dem Jahre 1955 benennen sich die Erlacher Musikanten nach dem wuchtigen Wasserschloss, das den Mittelpunkt unseres romantischen, urfr\u00e4nkischen Ortes bildet. Schlo\u00dfkapelle Erlach&#8230; &#8230;Frech, weil brav einfach zu langweilig ist. Stimmungshits und Lieder zum Mitfeiern und Tanzen, in Kombination mit Showeinlagen und frechen Spr\u00fcchen auf der B\u00fchne zaubern nicht nur dem Publikum ein L\u00e4cheln auf [&hellip;]<\/p>\n","protected":false},"author":1,"featured_media":0,"parent":0,"menu_order":0,"comment_status":"closed","ping_status":"closed","template":"","meta":{"footnotes":""},"_links":{"self":[{"href":"https:\/\/www.ronermusic.de\/wordpress7\/wp-json\/wp\/v2\/pages\/70"}],"collection":[{"href":"https:\/\/www.ronermusic.de\/wordpress7\/wp-json\/wp\/v2\/pages"}],"about":[{"href":"https:\/\/www.ronermusic.de\/wordpress7\/wp-json\/wp\/v2\/types\/page"}],"author":[{"embeddable":true,"href":"https:\/\/www.ronermusic.de\/wordpress7\/wp-json\/wp\/v2\/users\/1"}],"replies":[{"embeddable":true,"href":"https:\/\/www.ronermusic.de\/wordpress7\/wp-json\/wp\/v2\/comments?post=70"}],"version-history":[{"count":27,"href":"https:\/\/www.ronermusic.de\/wordpress7\/wp-json\/wp\/v2\/pages\/70\/revisions"}],"predecessor-version":[{"id":1289,"href":"https:\/\/www.ronermusic.de\/wordpress7\/wp-json\/wp\/v2\/pages\/70\/revisions\/1289"}],"wp:attachment":[{"href":"https:\/\/www.ronermusic.de\/wordpress7\/wp-json\/wp\/v2\/media?parent=70"}],"curies":[{"name":"wp","href":"https:\/\/api.w.org\/{rel}","templated":true}]}}