{"id":43,"date":"2019-06-07T10:51:58","date_gmt":"2019-06-07T08:51:58","guid":{"rendered":"http:\/\/www.ronermusic.de\/wordpress6\/?page_id=43"},"modified":"2019-06-16T17:40:28","modified_gmt":"2019-06-16T15:40:28","slug":"impressum","status":"publish","type":"page","link":"https:\/\/www.ronermusic.de\/wordpress6\/?page_id=43","title":{"rendered":"Impressum"},"content":{"rendered":"\n<h4 class=\"wp-block-heading\">Ronald Jenkner <\/h4>\n\n\n\n<h4 class=\"wp-block-heading\">Sommerh\u00e4userstra\u00dfe 8A<br>D \u2013 97199 Ochsenfurt \/ Erlach<\/h4>\n\n\n\n<p>Telefon +49 (0)9331-9800387<br> Mobil 01636786389<br> Mail info@ronerdrohne.de<\/p>\n\n\n\n<p>St.Nr. \u2013 257\/233\/20065<br>\nSteuer ID \u2013 DE229480883<\/p>\n\n\n\n<p class=\"has-background has-very-light-gray-background-color\"><strong>RONERDROHNE<\/strong> ist alleiniger Inhaber, der auf dieser Website erhobenen Informationen. Wir erheben nur Informationen, die uns helfen, den Service f\u00fcr Sie zu verbessern. Die Informationen werden nicht \u2013 ohne Ihr Einverst\u00e4ndnis \u2013 ver\u00e4u\u00dfert, oder auf eine andere Weise, die nicht durch diese Erkl\u00e4rung ausgeschlossen ist, an andere weitergegeben, au\u00dfer wenn wir dies in gutem Glauben aus gesetzlichen Gr\u00fcnden f\u00fcr notwendig halten, oder wenn es notwendig ist, die Rechte und das Eigentum von, <strong>RONERDROHNE<\/strong> zu wahren, oder wenn die pers\u00f6nliche Sicherheit von Freunden und Partnern oder der \u00d6ffentlichkeit gef\u00e4hrdet ist<\/p>\n","protected":false},"excerpt":{"rendered":"<p>Ronald Jenkner Sommerh\u00e4userstra\u00dfe 8AD \u2013 97199 Ochsenfurt \/ Erlach Telefon +49 (0)9331-9800387 Mobil 01636786389 Mail info@ronerdrohne.de St.Nr. \u2013 257\/233\/20065 Steuer ID \u2013 DE229480883 RONERDROHNE ist alleiniger Inhaber, der auf dieser Website erhobenen Informationen. Wir erheben nur Informationen, die uns helfen, den Service f\u00fcr Sie zu verbessern. Die Informationen werden nicht \u2013 ohne Ihr Einverst\u00e4ndnis \u2013 [&hellip;]<\/p>\n","protected":false},"author":1,"featured_media":0,"parent":0,"menu_order":0,"comment_status":"closed","ping_status":"closed","template":"","meta":{"footnotes":""},"class_list":["post-43","page","type-page","status-publish","hentry"],"_links":{"self":[{"href":"https:\/\/www.ronermusic.de\/wordpress6\/index.php?rest_route=\/wp\/v2\/pages\/43","targetHints":{"allow":["GET"]}}],"collection":[{"href":"https:\/\/www.ronermusic.de\/wordpress6\/index.php?rest_route=\/wp\/v2\/pages"}],"about":[{"href":"https:\/\/www.ronermusic.de\/wordpress6\/index.php?rest_route=\/wp\/v2\/types\/page"}],"author":[{"embeddable":true,"href":"https:\/\/www.ronermusic.de\/wordpress6\/index.php?rest_route=\/wp\/v2\/users\/1"}],"replies":[{"embeddable":true,"href":"https:\/\/www.ronermusic.de\/wordpress6\/index.php?rest_route=%2Fwp%2Fv2%2Fcomments&post=43"}],"version-history":[{"count":3,"href":"https:\/\/www.ronermusic.de\/wordpress6\/index.php?rest_route=\/wp\/v2\/pages\/43\/revisions"}],"predecessor-version":[{"id":82,"href":"https:\/\/www.ronermusic.de\/wordpress6\/index.php?rest_route=\/wp\/v2\/pages\/43\/revisions\/82"}],"wp:attachment":[{"href":"https:\/\/www.ronermusic.de\/wordpress6\/index.php?rest_route=%2Fwp%2Fv2%2Fmedia&parent=43"}],"curies":[{"name":"wp","href":"https:\/\/api.w.org\/{rel}","templated":true}]}}