{"id":7,"date":"2010-12-05T00:01:35","date_gmt":"2010-12-05T00:01:35","guid":{"rendered":"http:\/\/www.ronermusic.de\/wordpress\/?page_id=7"},"modified":"2023-06-15T08:46:37","modified_gmt":"2023-06-15T08:46:37","slug":"ronermusic","status":"publish","type":"page","link":"https:\/\/www.ronermusic.de\/?page_id=7","title":{"rendered":"RONERmusic"},"content":{"rendered":"<h5>Ich m\u00f6chte Euch mit meinen M\u00f6glichkeiten bei der Umsetzung Eurer musikalischen Projekte helfen.<\/h5>\n<h5>Daf\u00fcr habe \u00a0ich neben dem Audio-Engineer Studium noch Workshops in Rock-, Pop Mixing f\u00fcr Fortgeschrittene, Super Plugins \u00a0und Mastering absolviert.<\/h5>\n<h5>Aufnahmem\u00f6glichkeiten<\/h5>\n<h5>Im Studio sind\u00a0zum Beispiel Sprach- und Gesangsaufnahmen, dass Einspielen von Instrumenten oder das Mischen oder Mastern Eurer Aufnahmen m\u00f6glich.\u00a0Es sind nat\u00fcrlich auch Vorortaufnahmen realisierbar. Also egal ob es sich dabei um ein Livemitschnitt eines Konzertes oder einer Produktion, in einer Euch gefallenden R\u00e4umlichkeit handelt.<\/h5>\n<h5>Anfragen \u00fcber das Kontaktformular.<\/h5>\n<h4><span style=\"color: #000080;\">\u00a0<\/span><\/h4>\n","protected":false},"excerpt":{"rendered":"<p>Ich m\u00f6chte Euch mit meinen M\u00f6glichkeiten bei der Umsetzung Eurer musikalischen Projekte helfen. Daf\u00fcr habe \u00a0ich neben dem Audio-Engineer Studium noch Workshops in Rock-, Pop Mixing f\u00fcr Fortgeschrittene, Super Plugins \u00a0und Mastering absolviert. Aufnahmem\u00f6glichkeiten Im Studio sind\u00a0zum Beispiel Sprach- und Gesangsaufnahmen, dass Einspielen von Instrumenten oder das Mischen oder Mastern Eurer Aufnahmen m\u00f6glich.\u00a0Es sind nat\u00fcrlich [&hellip;]<\/p>\n","protected":false},"author":1,"featured_media":0,"parent":0,"menu_order":0,"comment_status":"closed","ping_status":"closed","template":"","meta":{"footnotes":""},"class_list":["post-7","page","type-page","status-publish","hentry"],"_links":{"self":[{"href":"https:\/\/www.ronermusic.de\/index.php?rest_route=\/wp\/v2\/pages\/7","targetHints":{"allow":["GET"]}}],"collection":[{"href":"https:\/\/www.ronermusic.de\/index.php?rest_route=\/wp\/v2\/pages"}],"about":[{"href":"https:\/\/www.ronermusic.de\/index.php?rest_route=\/wp\/v2\/types\/page"}],"author":[{"embeddable":true,"href":"https:\/\/www.ronermusic.de\/index.php?rest_route=\/wp\/v2\/users\/1"}],"replies":[{"embeddable":true,"href":"https:\/\/www.ronermusic.de\/index.php?rest_route=%2Fwp%2Fv2%2Fcomments&post=7"}],"version-history":[{"count":49,"href":"https:\/\/www.ronermusic.de\/index.php?rest_route=\/wp\/v2\/pages\/7\/revisions"}],"predecessor-version":[{"id":1179,"href":"https:\/\/www.ronermusic.de\/index.php?rest_route=\/wp\/v2\/pages\/7\/revisions\/1179"}],"wp:attachment":[{"href":"https:\/\/www.ronermusic.de\/index.php?rest_route=%2Fwp%2Fv2%2Fmedia&parent=7"}],"curies":[{"name":"wp","href":"https:\/\/api.w.org\/{rel}","templated":true}]}}